{"id":9030,"date":"2016-05-08T15:54:04","date_gmt":"2016-05-08T13:54:04","guid":{"rendered":"https:\/\/www.revistarambla.com\/?page_id=9030"},"modified":"2026-01-15T15:29:26","modified_gmt":"2026-01-15T14:29:26","slug":"quienes-somos","status":"publish","type":"page","link":"https:\/\/www.revistarambla.com\/en\/quienes-somos\/","title":{"rendered":"Qui\u00e9nes somos"},"content":{"rendered":"<p><img decoding=\"async\" class=\"wp-image-38253 aligncenter\" src=\"https:\/\/www.revistarambla.com\/wp-content\/uploads\/2022\/01\/white_logo_dark_background-605x365.jpg\" alt=\"\" width=\"400\" height=\"241\" srcset=\"https:\/\/www.revistarambla.com\/wp-content\/uploads\/2022\/01\/white_logo_dark_background-605x365.jpg 605w, https:\/\/www.revistarambla.com\/wp-content\/uploads\/2022\/01\/white_logo_dark_background-840x507.jpg 840w, https:\/\/www.revistarambla.com\/wp-content\/uploads\/2022\/01\/white_logo_dark_background-768x464.jpg 768w, https:\/\/www.revistarambla.com\/wp-content\/uploads\/2022\/01\/white_logo_dark_background-1536x927.jpg 1536w, https:\/\/www.revistarambla.com\/wp-content\/uploads\/2022\/01\/white_logo_dark_background-2048x1236.jpg 2048w, https:\/\/www.revistarambla.com\/wp-content\/uploads\/2022\/01\/white_logo_dark_background-18x12.jpg 18w\" sizes=\"(max-width: 400px) 100vw, 400px\" \/><\/p>\n<p>Fundada en el a\u00f1o 2010 en el distrito de Gr\u00e0cia de Barcelona, tras m\u00e1s de una d\u00e9cada al servicio de la informaci\u00f3n independiente, Revista Rambla Barcelona contin\u00faa manteniendo un estilo desenfadado, \u00e1cido y divertido, pero cumpliendo fielmente con los principios de rigurosidad y honestidad que cimentaron su fundaci\u00f3n.<\/p>\n<p>Con la valent\u00eda que la caracteriza, trata las noticias desde un punto de vista singular, sin miedo a quebrar las normas de lo pol\u00edticamente correcto y decidida a contar la verdad, aunque resulte inc\u00f3moda.<\/p>\n<p>Son a\u00f1os de arduo trabajo, a la sombra de los grandes grupos medi\u00e1ticos, plantando cara al poder hegem\u00f3nico y dando voz a las minor\u00edas oprimidas de nuestra ciudad.<\/p>\n<p>La recompensa la tiene d\u00eda tras d\u00eda con los lectores que deciden apostar por Rambla, convirti\u00e9ndonos en un referente del periodismo atrevido e inconformista. A todos ellos, mil gracias.<\/p>","protected":false},"excerpt":{"rendered":"<p>Fundada en el a\u00f1o 2010 en el distrito de Gr\u00e0cia de Barcelona, tras m\u00e1s de una d\u00e9cada al servicio de la informaci\u00f3n independiente, Revista Rambla Barcelona contin\u00faa manteniendo un estilo desenfadado, \u00e1cido y divertido, pero cumpliendo fielmente con los principios de rigurosidad y honestidad que cimentaron su fundaci\u00f3n. Con la [&hellip;]<\/p>\n","protected":false},"author":1,"featured_media":38253,"parent":0,"menu_order":0,"comment_status":"closed","ping_status":"closed","template":"","meta":{"footnotes":""},"class_list":["post-9030","page","type-page","status-publish","has-post-thumbnail","hentry"],"yoast_head":"<!-- This site is optimized with the Yoast SEO plugin v27.5 - https:\/\/yoast.com\/product\/yoast-seo-wordpress\/ -->\n<title>Qui\u00e9nes somos - Revista Rambla - Medio de comunicaci\u00f3n Barcelona<\/title>\n<meta name=\"description\" content=\"En el a\u00f1o 2010 se fundaba en Barcelona Revista Rambla. Desde entonces ha tratado de ser uno de los pocos medios independientes del Estado.\" \/>\n<meta name=\"robots\" content=\"index, follow, max-snippet:-1, max-image-preview:large, max-video-preview:-1\" \/>\n<link rel=\"canonical\" href=\"https:\/\/www.revistarambla.com\/en\/quienes-somos\/\" \/>\n<meta property=\"og:locale\" content=\"en_GB\" \/>\n<meta property=\"og:type\" content=\"article\" \/>\n<meta property=\"og:title\" content=\"Qui\u00e9nes somos - Revista Rambla - Medio de comunicaci\u00f3n Barcelona\" \/>\n<meta property=\"og:description\" content=\"En el a\u00f1o 2010 se fundaba en Barcelona Revista Rambla. Desde entonces ha tratado de ser uno de los pocos medios independientes del Estado.\" \/>\n<meta property=\"og:url\" content=\"https:\/\/www.revistarambla.com\/en\/quienes-somos\/\" \/>\n<meta property=\"og:site_name\" content=\"Revista Rambla\" \/>\n<meta property=\"article:publisher\" content=\"https:\/\/www.facebook.com\/revistarambla\/\" \/>\n<meta property=\"article:modified_time\" content=\"2026-01-15T14:29:26+00:00\" \/>\n<meta property=\"og:image\" content=\"https:\/\/www.revistarambla.com\/wp-content\/uploads\/2022\/01\/white_logo_dark_background-scaled.jpg\" \/>\n\t<meta property=\"og:image:width\" content=\"2560\" \/>\n\t<meta property=\"og:image:height\" content=\"1545\" \/>\n\t<meta property=\"og:image:type\" content=\"image\/jpeg\" \/>\n<meta name=\"twitter:card\" content=\"summary_large_image\" \/>\n<meta name=\"twitter:site\" content=\"@revistarambla\" \/>\n<meta name=\"twitter:label1\" content=\"Estimated reading time\" \/>\n\t<meta name=\"twitter:data1\" content=\"2 minutes\" \/>\n<script type=\"application\/ld+json\" class=\"yoast-schema-graph\">{\"@context\":\"https:\\\/\\\/schema.org\",\"@graph\":[{\"@type\":\"WebPage\",\"@id\":\"https:\\\/\\\/www.revistarambla.com\\\/quienes-somos\\\/\",\"url\":\"https:\\\/\\\/www.revistarambla.com\\\/quienes-somos\\\/\",\"name\":\"Qui\u00e9nes somos - Revista Rambla - Medio de comunicaci\u00f3n Barcelona\",\"isPartOf\":{\"@id\":\"https:\\\/\\\/www.revistarambla.com\\\/#website\"},\"primaryImageOfPage\":{\"@id\":\"https:\\\/\\\/www.revistarambla.com\\\/quienes-somos\\\/#primaryimage\"},\"image\":{\"@id\":\"https:\\\/\\\/www.revistarambla.com\\\/quienes-somos\\\/#primaryimage\"},\"thumbnailUrl\":\"https:\\\/\\\/www.revistarambla.com\\\/wp-content\\\/uploads\\\/2022\\\/01\\\/white_logo_dark_background-scaled.jpg\",\"datePublished\":\"2016-05-08T13:54:04+00:00\",\"dateModified\":\"2026-01-15T14:29:26+00:00\",\"description\":\"En el a\u00f1o 2010 se fundaba en Barcelona Revista Rambla. Desde entonces ha tratado de ser uno de los pocos medios independientes del Estado.\",\"breadcrumb\":{\"@id\":\"https:\\\/\\\/www.revistarambla.com\\\/quienes-somos\\\/#breadcrumb\"},\"inLanguage\":\"en-GB\",\"potentialAction\":[{\"@type\":\"ReadAction\",\"target\":[\"https:\\\/\\\/www.revistarambla.com\\\/quienes-somos\\\/\"]}]},{\"@type\":\"ImageObject\",\"inLanguage\":\"en-GB\",\"@id\":\"https:\\\/\\\/www.revistarambla.com\\\/quienes-somos\\\/#primaryimage\",\"url\":\"https:\\\/\\\/www.revistarambla.com\\\/wp-content\\\/uploads\\\/2022\\\/01\\\/white_logo_dark_background-scaled.jpg\",\"contentUrl\":\"https:\\\/\\\/www.revistarambla.com\\\/wp-content\\\/uploads\\\/2022\\\/01\\\/white_logo_dark_background-scaled.jpg\",\"width\":2560,\"height\":1545},{\"@type\":\"BreadcrumbList\",\"@id\":\"https:\\\/\\\/www.revistarambla.com\\\/quienes-somos\\\/#breadcrumb\",\"itemListElement\":[{\"@type\":\"ListItem\",\"position\":1,\"name\":\"Portada\",\"item\":\"https:\\\/\\\/www.revistarambla.com\\\/\"},{\"@type\":\"ListItem\",\"position\":2,\"name\":\"Qui\u00e9nes somos\"}]},{\"@type\":\"WebSite\",\"@id\":\"https:\\\/\\\/www.revistarambla.com\\\/#website\",\"url\":\"https:\\\/\\\/www.revistarambla.com\\\/\",\"name\":\"Revista Rambla Barcelona\",\"description\":\"Periodismo independiente\",\"publisher\":{\"@id\":\"https:\\\/\\\/www.revistarambla.com\\\/#organization\"},\"potentialAction\":[{\"@type\":\"SearchAction\",\"target\":{\"@type\":\"EntryPoint\",\"urlTemplate\":\"https:\\\/\\\/www.revistarambla.com\\\/?s={search_term_string}\"},\"query-input\":{\"@type\":\"PropertyValueSpecification\",\"valueRequired\":true,\"valueName\":\"search_term_string\"}}],\"inLanguage\":\"en-GB\"},{\"@type\":\"Organization\",\"@id\":\"https:\\\/\\\/www.revistarambla.com\\\/#organization\",\"name\":\"Revista Rambla\",\"url\":\"https:\\\/\\\/www.revistarambla.com\\\/\",\"logo\":{\"@type\":\"ImageObject\",\"inLanguage\":\"en-GB\",\"@id\":\"https:\\\/\\\/www.revistarambla.com\\\/#\\\/schema\\\/logo\\\/image\\\/\",\"url\":\"https:\\\/\\\/www.revistarambla.com\\\/wp-content\\\/uploads\\\/2020\\\/09\\\/banner_rambla_1900x600_BB.png\",\"contentUrl\":\"https:\\\/\\\/www.revistarambla.com\\\/wp-content\\\/uploads\\\/2020\\\/09\\\/banner_rambla_1900x600_BB.png\",\"width\":1900,\"height\":600,\"caption\":\"Revista Rambla\"},\"image\":{\"@id\":\"https:\\\/\\\/www.revistarambla.com\\\/#\\\/schema\\\/logo\\\/image\\\/\"},\"sameAs\":[\"https:\\\/\\\/www.facebook.com\\\/revistarambla\\\/\",\"https:\\\/\\\/x.com\\\/revistarambla\",\"https:\\\/\\\/www.instagram.com\\\/revista_rambla\",\"https:\\\/\\\/es.linkedin.com\\\/company\\\/revista-rambla\"]}]}<\/script>\n<!-- \/ Yoast SEO plugin. -->","yoast_head_json":{"title":"Qui\u00e9nes somos - Revista Rambla - Medio de comunicaci\u00f3n Barcelona","description":"En el a\u00f1o 2010 se fundaba en Barcelona Revista Rambla. Desde entonces ha tratado de ser uno de los pocos medios independientes del Estado.","robots":{"index":"index","follow":"follow","max-snippet":"max-snippet:-1","max-image-preview":"max-image-preview:large","max-video-preview":"max-video-preview:-1"},"canonical":"https:\/\/www.revistarambla.com\/en\/quienes-somos\/","og_locale":"en_GB","og_type":"article","og_title":"Qui\u00e9nes somos - Revista Rambla - Medio de comunicaci\u00f3n Barcelona","og_description":"En el a\u00f1o 2010 se fundaba en Barcelona Revista Rambla. Desde entonces ha tratado de ser uno de los pocos medios independientes del Estado.","og_url":"https:\/\/www.revistarambla.com\/en\/quienes-somos\/","og_site_name":"Revista Rambla","article_publisher":"https:\/\/www.facebook.com\/revistarambla\/","article_modified_time":"2026-01-15T14:29:26+00:00","og_image":[{"width":2560,"height":1545,"url":"https:\/\/www.revistarambla.com\/wp-content\/uploads\/2022\/01\/white_logo_dark_background-scaled.jpg","type":"image\/jpeg"}],"twitter_card":"summary_large_image","twitter_site":"@revistarambla","twitter_misc":{"Estimated reading time":"2 minutes"},"schema":{"@context":"https:\/\/schema.org","@graph":[{"@type":"WebPage","@id":"https:\/\/www.revistarambla.com\/quienes-somos\/","url":"https:\/\/www.revistarambla.com\/quienes-somos\/","name":"Qui\u00e9nes somos - Revista Rambla - Medio de comunicaci\u00f3n Barcelona","isPartOf":{"@id":"https:\/\/www.revistarambla.com\/#website"},"primaryImageOfPage":{"@id":"https:\/\/www.revistarambla.com\/quienes-somos\/#primaryimage"},"image":{"@id":"https:\/\/www.revistarambla.com\/quienes-somos\/#primaryimage"},"thumbnailUrl":"https:\/\/www.revistarambla.com\/wp-content\/uploads\/2022\/01\/white_logo_dark_background-scaled.jpg","datePublished":"2016-05-08T13:54:04+00:00","dateModified":"2026-01-15T14:29:26+00:00","description":"En el a\u00f1o 2010 se fundaba en Barcelona Revista Rambla. Desde entonces ha tratado de ser uno de los pocos medios independientes del Estado.","breadcrumb":{"@id":"https:\/\/www.revistarambla.com\/quienes-somos\/#breadcrumb"},"inLanguage":"en-GB","potentialAction":[{"@type":"ReadAction","target":["https:\/\/www.revistarambla.com\/quienes-somos\/"]}]},{"@type":"ImageObject","inLanguage":"en-GB","@id":"https:\/\/www.revistarambla.com\/quienes-somos\/#primaryimage","url":"https:\/\/www.revistarambla.com\/wp-content\/uploads\/2022\/01\/white_logo_dark_background-scaled.jpg","contentUrl":"https:\/\/www.revistarambla.com\/wp-content\/uploads\/2022\/01\/white_logo_dark_background-scaled.jpg","width":2560,"height":1545},{"@type":"BreadcrumbList","@id":"https:\/\/www.revistarambla.com\/quienes-somos\/#breadcrumb","itemListElement":[{"@type":"ListItem","position":1,"name":"Portada","item":"https:\/\/www.revistarambla.com\/"},{"@type":"ListItem","position":2,"name":"Qui\u00e9nes somos"}]},{"@type":"WebSite","@id":"https:\/\/www.revistarambla.com\/#website","url":"https:\/\/www.revistarambla.com\/","name":"Revista Rambla Barcelona","description":"Periodismo independiente","publisher":{"@id":"https:\/\/www.revistarambla.com\/#organization"},"potentialAction":[{"@type":"SearchAction","target":{"@type":"EntryPoint","urlTemplate":"https:\/\/www.revistarambla.com\/?s={search_term_string}"},"query-input":{"@type":"PropertyValueSpecification","valueRequired":true,"valueName":"search_term_string"}}],"inLanguage":"en-GB"},{"@type":"Organization","@id":"https:\/\/www.revistarambla.com\/#organization","name":"Revista Rambla","url":"https:\/\/www.revistarambla.com\/","logo":{"@type":"ImageObject","inLanguage":"en-GB","@id":"https:\/\/www.revistarambla.com\/#\/schema\/logo\/image\/","url":"https:\/\/www.revistarambla.com\/wp-content\/uploads\/2020\/09\/banner_rambla_1900x600_BB.png","contentUrl":"https:\/\/www.revistarambla.com\/wp-content\/uploads\/2020\/09\/banner_rambla_1900x600_BB.png","width":1900,"height":600,"caption":"Revista Rambla"},"image":{"@id":"https:\/\/www.revistarambla.com\/#\/schema\/logo\/image\/"},"sameAs":["https:\/\/www.facebook.com\/revistarambla\/","https:\/\/x.com\/revistarambla","https:\/\/www.instagram.com\/revista_rambla","https:\/\/es.linkedin.com\/company\/revista-rambla"]}]}},"_links":{"self":[{"href":"https:\/\/www.revistarambla.com\/en\/wp-json\/wp\/v2\/pages\/9030","targetHints":{"allow":["GET"]}}],"collection":[{"href":"https:\/\/www.revistarambla.com\/en\/wp-json\/wp\/v2\/pages"}],"about":[{"href":"https:\/\/www.revistarambla.com\/en\/wp-json\/wp\/v2\/types\/page"}],"author":[{"embeddable":true,"href":"https:\/\/www.revistarambla.com\/en\/wp-json\/wp\/v2\/users\/1"}],"replies":[{"embeddable":true,"href":"https:\/\/www.revistarambla.com\/en\/wp-json\/wp\/v2\/comments?post=9030"}],"version-history":[{"count":11,"href":"https:\/\/www.revistarambla.com\/en\/wp-json\/wp\/v2\/pages\/9030\/revisions"}],"predecessor-version":[{"id":67609,"href":"https:\/\/www.revistarambla.com\/en\/wp-json\/wp\/v2\/pages\/9030\/revisions\/67609"}],"wp:featuredmedia":[{"embeddable":true,"href":"https:\/\/www.revistarambla.com\/en\/wp-json\/wp\/v2\/media\/38253"}],"wp:attachment":[{"href":"https:\/\/www.revistarambla.com\/en\/wp-json\/wp\/v2\/media?parent=9030"}],"curies":[{"name":"wp","href":"https:\/\/api.w.org\/{rel}","templated":true}]}}