{"id":9015,"date":"2016-05-07T22:04:16","date_gmt":"2016-05-07T22:04:16","guid":{"rendered":"https:\/\/www.revistarambla.com\/?page_id=9015"},"modified":"2022-11-21T16:00:42","modified_gmt":"2022-11-21T15:00:42","slug":"aviso-legal","status":"publish","type":"page","link":"https:\/\/www.revistarambla.com\/en\/aviso-legal\/","title":{"rendered":"Aviso legal"},"content":{"rendered":"<h3>1. Datos generales<\/h3>\n<p><a href=\"https:\/\/www.revistarambla.com\/en\/\" target=\"_blank\" rel=\"nofollow noopener\">revistarambla.com<\/a> es un medio digital de informaci\u00f3n general editado por la Associaci\u00f3 Cultural Revista Rambla, entidad sin \u00e1nimo de lucro, cuyo domicilio social se encuentra sito en Calle Siracusa, 13, | 08013 Barcelona y cuyo n\u00famero de identificaci\u00f3n es G66612250. Se puede establecer un contacto efectivo con la entidad a trav\u00e9s del correo electr\u00f3nico <span style=\"text-decoration: underline;\"><a href=\"mailto:redaccion@revistarambla.com\">redaccion@revistarambla.com<\/a><\/span>.<\/p>\n<h3>2. Condiciones generales y jurisdicci\u00f3n<\/h3>\n<p><strong>2.1.<\/strong> La presente p\u00e1gina regula el acceso, navegaci\u00f3n y uso del sitio web alojado bajo el dominio \u00ab<a href=\"https:\/\/www.revistarambla.com\/en\/\" target=\"_blank\" rel=\"nofollow noopener\">revistarambla.com<\/a>\u00bb (y todos sus subdominios, que en adelante se omitir\u00e1n), as\u00ed como las responsabilidades derivadas de la utilizaci\u00f3n de sus contenidos (textos, documentos, gr\u00e1ficos, fotograf\u00edas, v\u00eddeos y sonidos).<\/p>\n<p><strong>2.2.<\/strong> Usuario es aquella persona que accede, navega, utiliza o participa en los servicios y actividades desarrolladas en \u00abrevistarambla.com\u00bb. El mero hecho de acceder a \u00abrevistarambla.com\u00bb obliga al usuario a leer y aceptar las condiciones generales que la Associaci\u00f3 Cultural Revista Rambla indique en esta p\u00e1gina.<\/p>\n<p><strong>2.3.<\/strong> Associaci\u00f3 Cultural Revista Rambla puede modificar los t\u00e9rminos y condiciones aqu\u00ed estipulados, total o parcialmente, publicando cualquier cambio en la misma forma en que aparecen estas condiciones generales o a trav\u00e9s de cualquier tipo de comunicaci\u00f3n dirigida a los usuarios.<\/p>\n<p><strong>2.4.<\/strong> Las relaciones establecidas entre Associaci\u00f3 Cultural Revista Rambla y el usuario se rigen por lo dispuesto en la normativa vigente acerca de la legislaci\u00f3n aplicable y la jurisdicci\u00f3n competente. No obstante, para los casos en los que la normativa prevea la posibilidad a las partes de someterse a un fuero, Associaci\u00f3 Cultural Revista Rambla y el usuario, con renuncia expresa a cualquier otro fuero que pudiera corresponderles, se someten a los Juzgados y Tribunales de la ciudad de Barcelona.<\/p>\n<h3>3. Servicios prestados y condiciones de uso<\/h3>\n<p><strong>3.1.<\/strong> Los servicios proporcionados por Associaci\u00f3 Cultural Revista Rambla tienen car\u00e1cter gratuito. En cualquier caso, la utilizaci\u00f3n de los mismos supone la aceptaci\u00f3n de las presentes condiciones de uso.<\/p>\n<p><strong>3.2.<\/strong> El usuario se compromete a utilizar los servicios proporcionados por Associaci\u00f3 Cultural Revista Rambla, de conformidad con la ley, con las presentes condiciones de utilizaci\u00f3n, as\u00ed como las pr\u00e1cticas generalmente aceptadas en Internet. El usuario se obliga a abstenerse de emplear los servicios con fines o efectos il\u00edcitos o contrarios a lo establecido en este documento, lesivos de los intereses o derechos de terceros, o que de cualquier forma puedan da\u00f1ar, inutilizar o deteriorar el sitio web o sus servicios, o impedir un normal disfrute del sitio web por otros usuarios.<\/p>\n<p><strong>3.3.<\/strong> El usuario se compromete expresamente a no destruir, alterar, inutilizar o, de cualquier otra forma, da\u00f1ar los datos, programas o documentos electr\u00f3nicos y dem\u00e1s contenidos que se encuentren en \u00abrevistarambla.com\u00bb.<\/p>\n<p><strong>3.4.<\/strong> El usuario se compromete a no obstaculizar el acceso de otros usuarios al servicio de acceso mediante el consumo masivo de los recursos inform\u00e1ticos a trav\u00e9s de los cuales Associaci\u00f3 Cultural Revista Rambla presta el servicio, as\u00ed como realizar acciones que da\u00f1en, interrumpan o generen errores en dichos sistemas.<\/p>\n<p><strong>3.5.<\/strong> El usuario se compromete a no introducir programas, virus, macros, applets, controles ActiveX o cualquier otro dispositivo l\u00f3gico o secuencia de caracteres que causen o sean susceptibles de causar cualquier tipo de alteraci\u00f3n en los sistemas inform\u00e1ticos de Associaci\u00f3 Cultural Revista Rambla o de terceros.<\/p>\n<p><strong>3.6.<\/strong> El usuario est\u00e1 de acuerdo y tiene presente que en los servicios de participaci\u00f3n (foros, comentarios de contenidos, blogs o formularios, as\u00ed como cualesquiera otros que permitan la publicaci\u00f3n de las opiniones de los usuarios) no se aceptan anuncios, cadenas de mensajes de correo electr\u00f3nico o cualquier otro contenido que no sean opiniones, informaciones o aportaciones procedentes sobre art\u00edculos o noticias. Al utilizar estos servicios, el usuario se compromete a no utilizarlos para enviar mensajes que difamen o insulten, o que contengan informaci\u00f3n falsa, que sea inapropiada, abusiva, da\u00f1ina, amenazadora, que da\u00f1e la imagen p\u00fablica y\/o la vida privada de terceras personas o que por alguna causa infrinjan alguna ley.<\/p>\n<h3>4. Privacidad<\/h3>\n<p><strong>4.1.<\/strong> Associaci\u00f3 Cultural Revista Rambla no exige al usuario ning\u00fan dato personal para la prestaci\u00f3n de ning\u00fan servicio de \u00abrevistarambla.com\u00bb. Cualquier dato personal aportado voluntaria y p\u00fablicamente por el usuario ser\u00e1 responsabilidad \u00fanica y exclusiva del propio usuario, y Associaci\u00f3 Cultural Revista Rambla no se hace cargo del uso que terceros pudieran hacer de dichos datos.<\/p>\n<p><strong>4.2.<\/strong> Las p\u00e1ginas de \u00abrevistarambla.com\u00bb pueden usar cookies (peque\u00f1os ficheros de datos que se generan en el ordenador del usuario y que permiten obtener informaci\u00f3n general que en ning\u00fan caso compromete la privacidad del usuario). El usuario tiene la opci\u00f3n de impedir la generaci\u00f3n de cookies mediante la selecci\u00f3n de la correspondiente opci\u00f3n en su navegador. Sin embargo, Associaci\u00f3 Cultural Revista Rambla no se responsabiliza de que su desactivaci\u00f3n impida el buen funcionamiento de la p\u00e1gina.<\/p>\n<h3>5. Propiedad intelectual<\/h3>\n<p><strong>5.1<\/strong> Associaci\u00f3 Cultural Revista Rambla edita \u00abrevistarambla.com\u00bb adoptando una licencia Creative Commons de distribuci\u00f3n libre de sus propios contenidos. La licencia adoptada permite al usuario copiar, distribuir y comunicar p\u00fablicamente dichos contenidos \u00fanicamente en caso de que se respeten de forma escrupulosa las siguientes condiciones:<\/p>\n<ul>\n<li>Deben ser reconocidos los cr\u00e9ditos de la obra, indicando con claridad su autor\u00eda y la direcci\u00f3n de la portada de \u00abrevistarambla.com\u00bb (www.revistarambla.com).<\/li>\n<li>Los contenidos no pueden ser utilizados para fines comerciales.<\/li>\n<li>No se puede alterar, transformar o generar una obra derivada a partir de los contenidos de \u00abrevistarambla.com\u00bb.<\/li>\n<li>Esta licencia solo es aplicable a los contenidos propios de Associaci\u00f3 Cultural Revista Rambla. Los textos, documentos, im\u00e1genes, v\u00eddeos, sonidos, fotograf\u00edas u otros contenidos difundidos a trav\u00e9s de \u00abrevistarambla.com\u00bb cuya autor\u00eda pertenezca a terceras personas o empresas, no pueden ser bajo ning\u00fan concepto distribuidos bajo la licencia especificada en el punto<\/li>\n<li>La propiedad intelectual corresponde en tales casos a los autores legales de dichos contenidos.<\/li>\n<\/ul>\n<p><strong>5.2.<\/strong> En consecuencia, debe entenderse que \u00fanicamente se acogen a la licencia especificada en el punto 5.1 los contenidos cuya autor\u00eda se atribuya de forma expresa e inequ\u00edvoca a \u00abrevistarambla.com\u00bb (o, en su caso, a Associaci\u00f3 Cultural Revista Rambla).<\/p>","protected":false},"excerpt":{"rendered":"<p>1. Datos generales revistarambla.com es un medio digital de informaci\u00f3n general editado por la Associaci\u00f3 Cultural Revista Rambla, entidad sin \u00e1nimo de lucro, cuyo domicilio social se encuentra sito en Calle Siracusa, 13, | 08013 Barcelona y cuyo n\u00famero de identificaci\u00f3n es G66612250. Se puede establecer un contacto efectivo con [&hellip;]<\/p>\n","protected":false},"author":1,"featured_media":0,"parent":0,"menu_order":0,"comment_status":"closed","ping_status":"closed","template":"","meta":{"footnotes":""},"class_list":["post-9015","page","type-page","status-publish","hentry"],"yoast_head":"<!-- This site is optimized with the Yoast SEO plugin v27.6 - https:\/\/yoast.com\/product\/yoast-seo-wordpress\/ -->\n<title>Aviso legal - Revista Rambla<\/title>\n<meta name=\"robots\" content=\"index, follow, max-snippet:-1, max-image-preview:large, max-video-preview:-1\" \/>\n<link rel=\"canonical\" href=\"https:\/\/www.revistarambla.com\/en\/aviso-legal\/\" \/>\n<meta property=\"og:locale\" content=\"en_GB\" \/>\n<meta property=\"og:type\" content=\"article\" \/>\n<meta property=\"og:title\" content=\"Aviso legal - Revista Rambla\" \/>\n<meta property=\"og:description\" content=\"1. Datos generales revistarambla.com es un medio digital de informaci\u00f3n general editado por la Associaci\u00f3 Cultural Revista Rambla, entidad sin \u00e1nimo de lucro, cuyo domicilio social se encuentra sito en Calle Siracusa, 13, | 08013 Barcelona y cuyo n\u00famero de identificaci\u00f3n es G66612250. Se puede establecer un contacto efectivo con [&hellip;]\" \/>\n<meta property=\"og:url\" content=\"https:\/\/www.revistarambla.com\/en\/aviso-legal\/\" \/>\n<meta property=\"og:site_name\" content=\"Revista Rambla\" \/>\n<meta property=\"article:publisher\" content=\"https:\/\/www.facebook.com\/revistarambla\/\" \/>\n<meta property=\"article:modified_time\" content=\"2022-11-21T15:00:42+00:00\" \/>\n<meta name=\"twitter:card\" content=\"summary_large_image\" \/>\n<meta name=\"twitter:site\" content=\"@revistarambla\" \/>\n<meta name=\"twitter:label1\" content=\"Estimated reading time\" \/>\n\t<meta name=\"twitter:data1\" content=\"5 minutes\" \/>\n<script type=\"application\/ld+json\" class=\"yoast-schema-graph\">{\"@context\":\"https:\\\/\\\/schema.org\",\"@graph\":[{\"@type\":\"WebPage\",\"@id\":\"https:\\\/\\\/www.revistarambla.com\\\/aviso-legal\\\/\",\"url\":\"https:\\\/\\\/www.revistarambla.com\\\/aviso-legal\\\/\",\"name\":\"Aviso legal - Revista Rambla\",\"isPartOf\":{\"@id\":\"https:\\\/\\\/www.revistarambla.com\\\/#website\"},\"datePublished\":\"2016-05-07T22:04:16+00:00\",\"dateModified\":\"2022-11-21T15:00:42+00:00\",\"breadcrumb\":{\"@id\":\"https:\\\/\\\/www.revistarambla.com\\\/aviso-legal\\\/#breadcrumb\"},\"inLanguage\":\"en-GB\",\"potentialAction\":[{\"@type\":\"ReadAction\",\"target\":[\"https:\\\/\\\/www.revistarambla.com\\\/aviso-legal\\\/\"]}]},{\"@type\":\"BreadcrumbList\",\"@id\":\"https:\\\/\\\/www.revistarambla.com\\\/aviso-legal\\\/#breadcrumb\",\"itemListElement\":[{\"@type\":\"ListItem\",\"position\":1,\"name\":\"Portada\",\"item\":\"https:\\\/\\\/www.revistarambla.com\\\/\"},{\"@type\":\"ListItem\",\"position\":2,\"name\":\"Aviso legal\"}]},{\"@type\":\"WebSite\",\"@id\":\"https:\\\/\\\/www.revistarambla.com\\\/#website\",\"url\":\"https:\\\/\\\/www.revistarambla.com\\\/\",\"name\":\"Revista Rambla Barcelona\",\"description\":\"Periodismo independiente\",\"publisher\":{\"@id\":\"https:\\\/\\\/www.revistarambla.com\\\/#organization\"},\"potentialAction\":[{\"@type\":\"SearchAction\",\"target\":{\"@type\":\"EntryPoint\",\"urlTemplate\":\"https:\\\/\\\/www.revistarambla.com\\\/?s={search_term_string}\"},\"query-input\":{\"@type\":\"PropertyValueSpecification\",\"valueRequired\":true,\"valueName\":\"search_term_string\"}}],\"inLanguage\":\"en-GB\"},{\"@type\":\"Organization\",\"@id\":\"https:\\\/\\\/www.revistarambla.com\\\/#organization\",\"name\":\"Revista Rambla\",\"url\":\"https:\\\/\\\/www.revistarambla.com\\\/\",\"logo\":{\"@type\":\"ImageObject\",\"inLanguage\":\"en-GB\",\"@id\":\"https:\\\/\\\/www.revistarambla.com\\\/#\\\/schema\\\/logo\\\/image\\\/\",\"url\":\"https:\\\/\\\/www.revistarambla.com\\\/wp-content\\\/uploads\\\/2020\\\/09\\\/banner_rambla_1900x600_BB.png\",\"contentUrl\":\"https:\\\/\\\/www.revistarambla.com\\\/wp-content\\\/uploads\\\/2020\\\/09\\\/banner_rambla_1900x600_BB.png\",\"width\":1900,\"height\":600,\"caption\":\"Revista Rambla\"},\"image\":{\"@id\":\"https:\\\/\\\/www.revistarambla.com\\\/#\\\/schema\\\/logo\\\/image\\\/\"},\"sameAs\":[\"https:\\\/\\\/www.facebook.com\\\/revistarambla\\\/\",\"https:\\\/\\\/x.com\\\/revistarambla\",\"https:\\\/\\\/www.instagram.com\\\/revista_rambla\",\"https:\\\/\\\/es.linkedin.com\\\/company\\\/revista-rambla\"]}]}<\/script>\n<!-- \/ Yoast SEO plugin. -->","yoast_head_json":{"title":"Aviso legal - Revista Rambla","robots":{"index":"index","follow":"follow","max-snippet":"max-snippet:-1","max-image-preview":"max-image-preview:large","max-video-preview":"max-video-preview:-1"},"canonical":"https:\/\/www.revistarambla.com\/en\/aviso-legal\/","og_locale":"en_GB","og_type":"article","og_title":"Aviso legal - Revista Rambla","og_description":"1. Datos generales revistarambla.com es un medio digital de informaci\u00f3n general editado por la Associaci\u00f3 Cultural Revista Rambla, entidad sin \u00e1nimo de lucro, cuyo domicilio social se encuentra sito en Calle Siracusa, 13, | 08013 Barcelona y cuyo n\u00famero de identificaci\u00f3n es G66612250. Se puede establecer un contacto efectivo con [&hellip;]","og_url":"https:\/\/www.revistarambla.com\/en\/aviso-legal\/","og_site_name":"Revista Rambla","article_publisher":"https:\/\/www.facebook.com\/revistarambla\/","article_modified_time":"2022-11-21T15:00:42+00:00","twitter_card":"summary_large_image","twitter_site":"@revistarambla","twitter_misc":{"Estimated reading time":"5 minutes"},"schema":{"@context":"https:\/\/schema.org","@graph":[{"@type":"WebPage","@id":"https:\/\/www.revistarambla.com\/aviso-legal\/","url":"https:\/\/www.revistarambla.com\/aviso-legal\/","name":"Aviso legal - Revista Rambla","isPartOf":{"@id":"https:\/\/www.revistarambla.com\/#website"},"datePublished":"2016-05-07T22:04:16+00:00","dateModified":"2022-11-21T15:00:42+00:00","breadcrumb":{"@id":"https:\/\/www.revistarambla.com\/aviso-legal\/#breadcrumb"},"inLanguage":"en-GB","potentialAction":[{"@type":"ReadAction","target":["https:\/\/www.revistarambla.com\/aviso-legal\/"]}]},{"@type":"BreadcrumbList","@id":"https:\/\/www.revistarambla.com\/aviso-legal\/#breadcrumb","itemListElement":[{"@type":"ListItem","position":1,"name":"Portada","item":"https:\/\/www.revistarambla.com\/"},{"@type":"ListItem","position":2,"name":"Aviso legal"}]},{"@type":"WebSite","@id":"https:\/\/www.revistarambla.com\/#website","url":"https:\/\/www.revistarambla.com\/","name":"Revista Rambla Barcelona","description":"Periodismo independiente","publisher":{"@id":"https:\/\/www.revistarambla.com\/#organization"},"potentialAction":[{"@type":"SearchAction","target":{"@type":"EntryPoint","urlTemplate":"https:\/\/www.revistarambla.com\/?s={search_term_string}"},"query-input":{"@type":"PropertyValueSpecification","valueRequired":true,"valueName":"search_term_string"}}],"inLanguage":"en-GB"},{"@type":"Organization","@id":"https:\/\/www.revistarambla.com\/#organization","name":"Revista Rambla","url":"https:\/\/www.revistarambla.com\/","logo":{"@type":"ImageObject","inLanguage":"en-GB","@id":"https:\/\/www.revistarambla.com\/#\/schema\/logo\/image\/","url":"https:\/\/www.revistarambla.com\/wp-content\/uploads\/2020\/09\/banner_rambla_1900x600_BB.png","contentUrl":"https:\/\/www.revistarambla.com\/wp-content\/uploads\/2020\/09\/banner_rambla_1900x600_BB.png","width":1900,"height":600,"caption":"Revista Rambla"},"image":{"@id":"https:\/\/www.revistarambla.com\/#\/schema\/logo\/image\/"},"sameAs":["https:\/\/www.facebook.com\/revistarambla\/","https:\/\/x.com\/revistarambla","https:\/\/www.instagram.com\/revista_rambla","https:\/\/es.linkedin.com\/company\/revista-rambla"]}]}},"_links":{"self":[{"href":"https:\/\/www.revistarambla.com\/en\/wp-json\/wp\/v2\/pages\/9015","targetHints":{"allow":["GET"]}}],"collection":[{"href":"https:\/\/www.revistarambla.com\/en\/wp-json\/wp\/v2\/pages"}],"about":[{"href":"https:\/\/www.revistarambla.com\/en\/wp-json\/wp\/v2\/types\/page"}],"author":[{"embeddable":true,"href":"https:\/\/www.revistarambla.com\/en\/wp-json\/wp\/v2\/users\/1"}],"replies":[{"embeddable":true,"href":"https:\/\/www.revistarambla.com\/en\/wp-json\/wp\/v2\/comments?post=9015"}],"version-history":[{"count":5,"href":"https:\/\/www.revistarambla.com\/en\/wp-json\/wp\/v2\/pages\/9015\/revisions"}],"predecessor-version":[{"id":51013,"href":"https:\/\/www.revistarambla.com\/en\/wp-json\/wp\/v2\/pages\/9015\/revisions\/51013"}],"wp:attachment":[{"href":"https:\/\/www.revistarambla.com\/en\/wp-json\/wp\/v2\/media?parent=9015"}],"curies":[{"name":"wp","href":"https:\/\/api.w.org\/{rel}","templated":true}]}}