{"id":62573,"date":"2024-09-10T17:14:51","date_gmt":"2024-09-10T15:14:51","guid":{"rendered":"https:\/\/www.revistarambla.com\/?page_id=62573"},"modified":"2024-09-16T21:50:02","modified_gmt":"2024-09-16T19:50:02","slug":"rambla-street-photography","status":"publish","type":"page","link":"https:\/\/www.revistarambla.com\/en\/rambla-street-photography\/","title":{"rendered":"Rambla Street Photography"},"content":{"rendered":"<p>En los dominios donde la fotograf\u00eda se erige como arte, los genios de la lente de <a href=\"https:\/\/www.revistarambla.com\/en\/\">Revista Rambla<\/a> inmortalizan con sus c\u00e1maras la esencia de la vida en cada rinc\u00f3n de urbes, pueblos y rec\u00f3nditos parajes a lo largo y ancho del territorio. Una selecci\u00f3n de exquisitas fotograf\u00edas callejeras solo para los lectores de Rambla.<\/p>\n<p><a href=\"https:\/\/www.instagram.com\/garrigaplana\/\"><img decoding=\"async\" class=\"aligncenter wp-image-62574 size-full\" src=\"https:\/\/www.revistarambla.com\/wp-content\/uploads\/2024\/09\/Toni-garriga.jpg\" alt=\"Fotos de Toni Garriga Plana fotograf\u00edas callejeras\" width=\"1080\" height=\"1080\" srcset=\"https:\/\/www.revistarambla.com\/wp-content\/uploads\/2024\/09\/Toni-garriga.jpg 1080w, https:\/\/www.revistarambla.com\/wp-content\/uploads\/2024\/09\/Toni-garriga-365x365.jpg 365w, https:\/\/www.revistarambla.com\/wp-content\/uploads\/2024\/09\/Toni-garriga-840x840.jpg 840w, https:\/\/www.revistarambla.com\/wp-content\/uploads\/2024\/09\/Toni-garriga-768x768.jpg 768w, https:\/\/www.revistarambla.com\/wp-content\/uploads\/2024\/09\/Toni-garriga-12x12.jpg 12w, https:\/\/www.revistarambla.com\/wp-content\/uploads\/2024\/09\/Toni-garriga-150x150.jpg 150w, https:\/\/www.revistarambla.com\/wp-content\/uploads\/2024\/09\/Toni-garriga-70x70.jpg 70w\" sizes=\"(max-width: 1080px) 100vw, 1080px\" \/><\/a><\/p>\n<p><img decoding=\"async\" class=\"size-full wp-image-62575 aligncenter\" src=\"https:\/\/www.revistarambla.com\/wp-content\/uploads\/2024\/09\/Toni-garriga1.jpg\" alt=\"fotos guillem sans barcelona\" width=\"1080\" height=\"1080\" srcset=\"https:\/\/www.revistarambla.com\/wp-content\/uploads\/2024\/09\/Toni-garriga1.jpg 1080w, https:\/\/www.revistarambla.com\/wp-content\/uploads\/2024\/09\/Toni-garriga1-365x365.jpg 365w, https:\/\/www.revistarambla.com\/wp-content\/uploads\/2024\/09\/Toni-garriga1-840x840.jpg 840w, https:\/\/www.revistarambla.com\/wp-content\/uploads\/2024\/09\/Toni-garriga1-768x768.jpg 768w, https:\/\/www.revistarambla.com\/wp-content\/uploads\/2024\/09\/Toni-garriga1-12x12.jpg 12w, https:\/\/www.revistarambla.com\/wp-content\/uploads\/2024\/09\/Toni-garriga1-150x150.jpg 150w, https:\/\/www.revistarambla.com\/wp-content\/uploads\/2024\/09\/Toni-garriga1-70x70.jpg 70w\" sizes=\"(max-width: 1080px) 100vw, 1080px\" \/><\/p>\n<p><img decoding=\"async\" class=\"size-full wp-image-62576 aligncenter\" src=\"https:\/\/www.revistarambla.com\/wp-content\/uploads\/2024\/09\/Toni-garriga2.jpg\" alt=\"fotos francesc sans revista rambla barcelona\" width=\"1080\" height=\"1080\" srcset=\"https:\/\/www.revistarambla.com\/wp-content\/uploads\/2024\/09\/Toni-garriga2.jpg 1080w, https:\/\/www.revistarambla.com\/wp-content\/uploads\/2024\/09\/Toni-garriga2-365x365.jpg 365w, https:\/\/www.revistarambla.com\/wp-content\/uploads\/2024\/09\/Toni-garriga2-840x840.jpg 840w, https:\/\/www.revistarambla.com\/wp-content\/uploads\/2024\/09\/Toni-garriga2-768x768.jpg 768w, https:\/\/www.revistarambla.com\/wp-content\/uploads\/2024\/09\/Toni-garriga2-12x12.jpg 12w, https:\/\/www.revistarambla.com\/wp-content\/uploads\/2024\/09\/Toni-garriga2-150x150.jpg 150w, https:\/\/www.revistarambla.com\/wp-content\/uploads\/2024\/09\/Toni-garriga2-70x70.jpg 70w\" sizes=\"(max-width: 1080px) 100vw, 1080px\" \/><\/p>\n<p><a href=\"https:\/\/www.revistarambla.com\/en\/jacobo-pinol-fotografia\/\"><img decoding=\"async\" class=\"aligncenter wp-image-62577 size-full\" src=\"https:\/\/www.revistarambla.com\/wp-content\/uploads\/2024\/09\/Toni-garriga3.jpg\" alt=\"fotos jacobo pi\u00f1ol revista rambla\" width=\"1080\" height=\"1080\" srcset=\"https:\/\/www.revistarambla.com\/wp-content\/uploads\/2024\/09\/Toni-garriga3.jpg 1080w, https:\/\/www.revistarambla.com\/wp-content\/uploads\/2024\/09\/Toni-garriga3-365x365.jpg 365w, https:\/\/www.revistarambla.com\/wp-content\/uploads\/2024\/09\/Toni-garriga3-840x840.jpg 840w, https:\/\/www.revistarambla.com\/wp-content\/uploads\/2024\/09\/Toni-garriga3-768x768.jpg 768w, https:\/\/www.revistarambla.com\/wp-content\/uploads\/2024\/09\/Toni-garriga3-12x12.jpg 12w, https:\/\/www.revistarambla.com\/wp-content\/uploads\/2024\/09\/Toni-garriga3-150x150.jpg 150w, https:\/\/www.revistarambla.com\/wp-content\/uploads\/2024\/09\/Toni-garriga3-70x70.jpg 70w\" sizes=\"(max-width: 1080px) 100vw, 1080px\" \/><\/a><\/p>\n<p>&nbsp;<\/p>","protected":false},"excerpt":{"rendered":"<p>En los dominios donde la fotograf\u00eda se erige como arte, los genios de la lente de Revista Rambla inmortalizan con sus c\u00e1maras la esencia de la vida en cada rinc\u00f3n de urbes, pueblos y rec\u00f3nditos parajes a lo largo y ancho del territorio. Una selecci\u00f3n de exquisitas fotograf\u00edas callejeras solo [&hellip;]<\/p>\n","protected":false},"author":15,"featured_media":62579,"parent":0,"menu_order":0,"comment_status":"closed","ping_status":"closed","template":"","meta":{"footnotes":""},"class_list":["post-62573","page","type-page","status-publish","has-post-thumbnail","hentry"],"yoast_head":"<!-- This site is optimized with the Yoast SEO plugin v27.5 - https:\/\/yoast.com\/product\/yoast-seo-wordpress\/ -->\n<title>Rambla Street Photography - Revista Rambla<\/title>\n<meta name=\"description\" content=\"En los dominios donde la fotograf\u00eda se erige como arte. Una selecci\u00f3n de exquisitas fotograf\u00edas callejeras solo para los lectores de Rambla.\" \/>\n<meta name=\"robots\" content=\"index, follow, max-snippet:-1, max-image-preview:large, max-video-preview:-1\" \/>\n<link rel=\"canonical\" href=\"https:\/\/www.revistarambla.com\/en\/rambla-street-photography\/\" \/>\n<meta property=\"og:locale\" content=\"en_GB\" \/>\n<meta property=\"og:type\" content=\"article\" \/>\n<meta property=\"og:title\" content=\"Rambla Street Photography - Revista Rambla\" \/>\n<meta property=\"og:description\" content=\"En los dominios donde la fotograf\u00eda se erige como arte. Una selecci\u00f3n de exquisitas fotograf\u00edas callejeras solo para los lectores de Rambla.\" \/>\n<meta property=\"og:url\" content=\"https:\/\/www.revistarambla.com\/en\/rambla-street-photography\/\" \/>\n<meta property=\"og:site_name\" content=\"Revista Rambla\" \/>\n<meta property=\"article:publisher\" content=\"https:\/\/www.facebook.com\/revistarambla\/\" \/>\n<meta property=\"article:modified_time\" content=\"2024-09-16T19:50:02+00:00\" \/>\n<meta property=\"og:image\" content=\"https:\/\/www.revistarambla.com\/wp-content\/uploads\/2024\/09\/1725980093113.jpg\" \/>\n\t<meta property=\"og:image:width\" content=\"1735\" \/>\n\t<meta property=\"og:image:height\" content=\"1843\" \/>\n\t<meta property=\"og:image:type\" content=\"image\/jpeg\" \/>\n<meta name=\"twitter:card\" content=\"summary_large_image\" \/>\n<meta name=\"twitter:site\" content=\"@revistarambla\" \/>\n<meta name=\"twitter:label1\" content=\"Estimated reading time\" \/>\n\t<meta name=\"twitter:data1\" content=\"2 minutes\" \/>\n<script type=\"application\/ld+json\" class=\"yoast-schema-graph\">{\"@context\":\"https:\\\/\\\/schema.org\",\"@graph\":[{\"@type\":\"WebPage\",\"@id\":\"https:\\\/\\\/www.revistarambla.com\\\/rambla-street-photography\\\/\",\"url\":\"https:\\\/\\\/www.revistarambla.com\\\/rambla-street-photography\\\/\",\"name\":\"Rambla Street Photography - Revista Rambla\",\"isPartOf\":{\"@id\":\"https:\\\/\\\/www.revistarambla.com\\\/#website\"},\"primaryImageOfPage\":{\"@id\":\"https:\\\/\\\/www.revistarambla.com\\\/rambla-street-photography\\\/#primaryimage\"},\"image\":{\"@id\":\"https:\\\/\\\/www.revistarambla.com\\\/rambla-street-photography\\\/#primaryimage\"},\"thumbnailUrl\":\"https:\\\/\\\/www.revistarambla.com\\\/wp-content\\\/uploads\\\/2024\\\/09\\\/1725980093113.jpg\",\"datePublished\":\"2024-09-10T15:14:51+00:00\",\"dateModified\":\"2024-09-16T19:50:02+00:00\",\"description\":\"En los dominios donde la fotograf\u00eda se erige como arte. Una selecci\u00f3n de exquisitas fotograf\u00edas callejeras solo para los lectores de Rambla.\",\"breadcrumb\":{\"@id\":\"https:\\\/\\\/www.revistarambla.com\\\/rambla-street-photography\\\/#breadcrumb\"},\"inLanguage\":\"en-GB\",\"potentialAction\":[{\"@type\":\"ReadAction\",\"target\":[\"https:\\\/\\\/www.revistarambla.com\\\/rambla-street-photography\\\/\"]}]},{\"@type\":\"ImageObject\",\"inLanguage\":\"en-GB\",\"@id\":\"https:\\\/\\\/www.revistarambla.com\\\/rambla-street-photography\\\/#primaryimage\",\"url\":\"https:\\\/\\\/www.revistarambla.com\\\/wp-content\\\/uploads\\\/2024\\\/09\\\/1725980093113.jpg\",\"contentUrl\":\"https:\\\/\\\/www.revistarambla.com\\\/wp-content\\\/uploads\\\/2024\\\/09\\\/1725980093113.jpg\",\"width\":1735,\"height\":1843,\"caption\":\"borges blanques autor jacobo pi\u00f1ol\"},{\"@type\":\"BreadcrumbList\",\"@id\":\"https:\\\/\\\/www.revistarambla.com\\\/rambla-street-photography\\\/#breadcrumb\",\"itemListElement\":[{\"@type\":\"ListItem\",\"position\":1,\"name\":\"Portada\",\"item\":\"https:\\\/\\\/www.revistarambla.com\\\/\"},{\"@type\":\"ListItem\",\"position\":2,\"name\":\"Rambla Street Photography\"}]},{\"@type\":\"WebSite\",\"@id\":\"https:\\\/\\\/www.revistarambla.com\\\/#website\",\"url\":\"https:\\\/\\\/www.revistarambla.com\\\/\",\"name\":\"Revista Rambla Barcelona\",\"description\":\"Periodismo independiente\",\"publisher\":{\"@id\":\"https:\\\/\\\/www.revistarambla.com\\\/#organization\"},\"potentialAction\":[{\"@type\":\"SearchAction\",\"target\":{\"@type\":\"EntryPoint\",\"urlTemplate\":\"https:\\\/\\\/www.revistarambla.com\\\/?s={search_term_string}\"},\"query-input\":{\"@type\":\"PropertyValueSpecification\",\"valueRequired\":true,\"valueName\":\"search_term_string\"}}],\"inLanguage\":\"en-GB\"},{\"@type\":\"Organization\",\"@id\":\"https:\\\/\\\/www.revistarambla.com\\\/#organization\",\"name\":\"Revista Rambla\",\"url\":\"https:\\\/\\\/www.revistarambla.com\\\/\",\"logo\":{\"@type\":\"ImageObject\",\"inLanguage\":\"en-GB\",\"@id\":\"https:\\\/\\\/www.revistarambla.com\\\/#\\\/schema\\\/logo\\\/image\\\/\",\"url\":\"https:\\\/\\\/www.revistarambla.com\\\/wp-content\\\/uploads\\\/2020\\\/09\\\/banner_rambla_1900x600_BB.png\",\"contentUrl\":\"https:\\\/\\\/www.revistarambla.com\\\/wp-content\\\/uploads\\\/2020\\\/09\\\/banner_rambla_1900x600_BB.png\",\"width\":1900,\"height\":600,\"caption\":\"Revista Rambla\"},\"image\":{\"@id\":\"https:\\\/\\\/www.revistarambla.com\\\/#\\\/schema\\\/logo\\\/image\\\/\"},\"sameAs\":[\"https:\\\/\\\/www.facebook.com\\\/revistarambla\\\/\",\"https:\\\/\\\/x.com\\\/revistarambla\",\"https:\\\/\\\/www.instagram.com\\\/revista_rambla\",\"https:\\\/\\\/es.linkedin.com\\\/company\\\/revista-rambla\"]}]}<\/script>\n<!-- \/ Yoast SEO plugin. -->","yoast_head_json":{"title":"Rambla Street Photography - Revista Rambla","description":"En los dominios donde la fotograf\u00eda se erige como arte. Una selecci\u00f3n de exquisitas fotograf\u00edas callejeras solo para los lectores de Rambla.","robots":{"index":"index","follow":"follow","max-snippet":"max-snippet:-1","max-image-preview":"max-image-preview:large","max-video-preview":"max-video-preview:-1"},"canonical":"https:\/\/www.revistarambla.com\/en\/rambla-street-photography\/","og_locale":"en_GB","og_type":"article","og_title":"Rambla Street Photography - Revista Rambla","og_description":"En los dominios donde la fotograf\u00eda se erige como arte. Una selecci\u00f3n de exquisitas fotograf\u00edas callejeras solo para los lectores de Rambla.","og_url":"https:\/\/www.revistarambla.com\/en\/rambla-street-photography\/","og_site_name":"Revista Rambla","article_publisher":"https:\/\/www.facebook.com\/revistarambla\/","article_modified_time":"2024-09-16T19:50:02+00:00","og_image":[{"width":1735,"height":1843,"url":"https:\/\/www.revistarambla.com\/wp-content\/uploads\/2024\/09\/1725980093113.jpg","type":"image\/jpeg"}],"twitter_card":"summary_large_image","twitter_site":"@revistarambla","twitter_misc":{"Estimated reading time":"2 minutes"},"schema":{"@context":"https:\/\/schema.org","@graph":[{"@type":"WebPage","@id":"https:\/\/www.revistarambla.com\/rambla-street-photography\/","url":"https:\/\/www.revistarambla.com\/rambla-street-photography\/","name":"Rambla Street Photography - Revista Rambla","isPartOf":{"@id":"https:\/\/www.revistarambla.com\/#website"},"primaryImageOfPage":{"@id":"https:\/\/www.revistarambla.com\/rambla-street-photography\/#primaryimage"},"image":{"@id":"https:\/\/www.revistarambla.com\/rambla-street-photography\/#primaryimage"},"thumbnailUrl":"https:\/\/www.revistarambla.com\/wp-content\/uploads\/2024\/09\/1725980093113.jpg","datePublished":"2024-09-10T15:14:51+00:00","dateModified":"2024-09-16T19:50:02+00:00","description":"En los dominios donde la fotograf\u00eda se erige como arte. Una selecci\u00f3n de exquisitas fotograf\u00edas callejeras solo para los lectores de Rambla.","breadcrumb":{"@id":"https:\/\/www.revistarambla.com\/rambla-street-photography\/#breadcrumb"},"inLanguage":"en-GB","potentialAction":[{"@type":"ReadAction","target":["https:\/\/www.revistarambla.com\/rambla-street-photography\/"]}]},{"@type":"ImageObject","inLanguage":"en-GB","@id":"https:\/\/www.revistarambla.com\/rambla-street-photography\/#primaryimage","url":"https:\/\/www.revistarambla.com\/wp-content\/uploads\/2024\/09\/1725980093113.jpg","contentUrl":"https:\/\/www.revistarambla.com\/wp-content\/uploads\/2024\/09\/1725980093113.jpg","width":1735,"height":1843,"caption":"borges blanques autor jacobo pi\u00f1ol"},{"@type":"BreadcrumbList","@id":"https:\/\/www.revistarambla.com\/rambla-street-photography\/#breadcrumb","itemListElement":[{"@type":"ListItem","position":1,"name":"Portada","item":"https:\/\/www.revistarambla.com\/"},{"@type":"ListItem","position":2,"name":"Rambla Street Photography"}]},{"@type":"WebSite","@id":"https:\/\/www.revistarambla.com\/#website","url":"https:\/\/www.revistarambla.com\/","name":"Revista Rambla Barcelona","description":"Periodismo independiente","publisher":{"@id":"https:\/\/www.revistarambla.com\/#organization"},"potentialAction":[{"@type":"SearchAction","target":{"@type":"EntryPoint","urlTemplate":"https:\/\/www.revistarambla.com\/?s={search_term_string}"},"query-input":{"@type":"PropertyValueSpecification","valueRequired":true,"valueName":"search_term_string"}}],"inLanguage":"en-GB"},{"@type":"Organization","@id":"https:\/\/www.revistarambla.com\/#organization","name":"Revista Rambla","url":"https:\/\/www.revistarambla.com\/","logo":{"@type":"ImageObject","inLanguage":"en-GB","@id":"https:\/\/www.revistarambla.com\/#\/schema\/logo\/image\/","url":"https:\/\/www.revistarambla.com\/wp-content\/uploads\/2020\/09\/banner_rambla_1900x600_BB.png","contentUrl":"https:\/\/www.revistarambla.com\/wp-content\/uploads\/2020\/09\/banner_rambla_1900x600_BB.png","width":1900,"height":600,"caption":"Revista Rambla"},"image":{"@id":"https:\/\/www.revistarambla.com\/#\/schema\/logo\/image\/"},"sameAs":["https:\/\/www.facebook.com\/revistarambla\/","https:\/\/x.com\/revistarambla","https:\/\/www.instagram.com\/revista_rambla","https:\/\/es.linkedin.com\/company\/revista-rambla"]}]}},"_links":{"self":[{"href":"https:\/\/www.revistarambla.com\/en\/wp-json\/wp\/v2\/pages\/62573","targetHints":{"allow":["GET"]}}],"collection":[{"href":"https:\/\/www.revistarambla.com\/en\/wp-json\/wp\/v2\/pages"}],"about":[{"href":"https:\/\/www.revistarambla.com\/en\/wp-json\/wp\/v2\/types\/page"}],"author":[{"embeddable":true,"href":"https:\/\/www.revistarambla.com\/en\/wp-json\/wp\/v2\/users\/15"}],"replies":[{"embeddable":true,"href":"https:\/\/www.revistarambla.com\/en\/wp-json\/wp\/v2\/comments?post=62573"}],"version-history":[{"count":4,"href":"https:\/\/www.revistarambla.com\/en\/wp-json\/wp\/v2\/pages\/62573\/revisions"}],"predecessor-version":[{"id":62659,"href":"https:\/\/www.revistarambla.com\/en\/wp-json\/wp\/v2\/pages\/62573\/revisions\/62659"}],"wp:featuredmedia":[{"embeddable":true,"href":"https:\/\/www.revistarambla.com\/en\/wp-json\/wp\/v2\/media\/62579"}],"wp:attachment":[{"href":"https:\/\/www.revistarambla.com\/en\/wp-json\/wp\/v2\/media?parent=62573"}],"curies":[{"name":"wp","href":"https:\/\/api.w.org\/{rel}","templated":true}]}}